{"id":1539,"date":"2024-03-05T16:36:07","date_gmt":"2024-03-05T16:36:07","guid":{"rendered":"https:\/\/staging.hs3.biz\/?page_id=1539"},"modified":"2024-03-05T16:37:53","modified_gmt":"2024-03-05T16:37:53","slug":"politica-de-cookies","status":"publish","type":"page","link":"https:\/\/www.hs3.biz\/es\/politica-de-cookies\/","title":{"rendered":"Pol\u00edtica de Cookies"},"content":{"rendered":"\t\t<div data-elementor-type=\"wp-page\" data-elementor-id=\"1539\" class=\"elementor elementor-1539\">\n\t\t\t\t<div class=\"elementor-element elementor-element-4f71e0f e-flex e-con-boxed e-con e-parent\" data-id=\"4f71e0f\" data-element_type=\"container\">\n\t\t\t\t\t<div class=\"e-con-inner\">\n\t\t\t\t<div class=\"elementor-element elementor-element-e627f3c elementor-widget elementor-widget-text-editor\" data-id=\"e627f3c\" data-element_type=\"widget\" data-widget_type=\"text-editor.default\">\n\t\t\t\t<div class=\"elementor-widget-container\">\n\t\t\t\t\t\t\t\t\t<p><b>POL\u00cdTICA DE COOKIES\u00a0<\/b><\/p><p><span style=\"font-weight: 400;\">\u00daltima actualizaci\u00f3n 04 de marzo de 2024\u00a0<\/span><\/p><p><span style=\"font-weight: 400;\">Esta Pol\u00edtica de Cookies explica c\u00f3mo GRUPO HS3 PROJECT DEVELOPMENT, S.L. (&#8220;Empresa&#8221;, &#8220;nosotros&#8221;, &#8220;nos&#8221; y &#8220;nuestro&#8221;) utiliza las cookies y tecnolog\u00edas similares para reconocerle cuando visita nuestro sitio web en https:\/\/www.hs3.biz (&#8220;Sitio Web&#8221;). En ella se explica qu\u00e9 son estas tecnolog\u00edas y por qu\u00e9 las utilizamos, as\u00ed como sus derechos para controlar el uso que hacemos de ellas.\u00a0<\/span><\/p><p><span style=\"font-weight: 400;\">En algunos casos podemos utilizar cookies para recoger informaci\u00f3n personal, o que se convierte en informaci\u00f3n personal si la combinamos con otra informaci\u00f3n.\u00a0<\/span><\/p><p><b>\u00bfQu\u00e9 son las cookies? <br \/><\/b><b><br \/><\/b><span style=\"font-weight: 400;\">Las cookies son peque\u00f1os archivos de datos que se colocan en su ordenador o dispositivo m\u00f3vil cuando visita un sitio web. Los propietarios de sitios web utilizan ampliamente las cookies para hacer que sus sitios web funcionen, o para que funcionen de manera m\u00e1s eficiente, as\u00ed como para proporcionar informaci\u00f3n de informes.\u00a0<\/span><\/p><p><span style=\"font-weight: 400;\">Las cookies establecidas por el propietario del sitio web (en este caso, GRUPO HS3 PROJECT DEVELOPMENT, S.L.) se denominan &#8220;cookies de origen&#8221;. Las cookies establecidas por partes distintas del propietario del sitio web se denominan &#8220;cookies de terceros.&#8221; Las cookies de terceros permiten proporcionar caracter\u00edsticas o funcionalidades de terceros en o a trav\u00e9s del sitio web (por ejemplo, publicidad, contenido interactivo y an\u00e1lisis). Las partes que establecen estas cookies de terceros pueden reconocer su ordenador tanto cuando visita el sitio web en cuesti\u00f3n como cuando visita otros sitios web.<\/span><\/p><p><b>\u00bfPor qu\u00e9 utilizamos cookies?\u00a0<\/b><\/p><p><span style=\"font-weight: 400;\">Utilizamos cookies propias y de terceros por varias razones. Algunas cookies son necesarias por razones t\u00e9cnicas para que nuestro sitio web funcione, y nos referimos a ellas como cookies &#8220;esenciales&#8221; o &#8220;estrictamente necesarias&#8221;. Otras cookies tambi\u00e9n nos permiten rastrear y orientar los intereses de nuestros usuarios para mejorar la experiencia en nuestras Propiedades en l\u00ednea. Los terceros utilizan cookies en nuestro sitio web con fines publicitarios, anal\u00edticos y de otro tipo. Esto se describe con m\u00e1s detalle a continuaci\u00f3n.\u00a0<br \/><br \/><\/span><\/p><p><b>\u00bfC\u00f3mo puedo controlar las cookies?<\/b><\/p><p><span style=\"font-weight: 400;\">Usted tiene derecho a decidir si acepta o rechaza las cookies. Puede ejercer sus derechos sobre las cookies configurando sus preferencias en el Gestor de Consentimiento de Cookies. El Cookie Consent Manager le permite seleccionar qu\u00e9 categor\u00edas de cookies acepta o rechaza. Las cookies esenciales no pueden rechazarse, ya que son estrictamente necesarias para prestarle servicios.<\/span><\/p><p><span style=\"font-weight: 400;\">\u00a0<\/span><span style=\"font-weight: 400;\">El Gestor de Consentimiento de Cookies se encuentra en el banner de notificaci\u00f3n y en nuestro sitio web. Si decide rechazar las cookies, podr\u00e1 seguir utilizando nuestro sitio web, aunque su acceso a algunas funciones y \u00e1reas de nuestro sitio web puede estar restringido. Tambi\u00e9n puede configurar o modificar los controles de su navegador web para aceptar o rechazar las cookies.\u00a0<\/span><\/p><p><span style=\"font-weight: 400;\">Los tipos espec\u00edficos de cookies propias y de terceros que se sirven a trav\u00e9s de nuestro sitio web y los fines que persiguen se describen en la tabla siguiente (tenga en cuenta que las cookies espec\u00edficas que se sirven pueden variar en funci\u00f3n de las Propiedades en l\u00ednea concretas que visite):<\/span><\/p><ul><li style=\"font-weight: 400;\" aria-level=\"1\"><span style=\"font-weight: 400;\">Cookies esenciales del sitio web: Estas cookies son estrictamente necesarias para prestarle los servicios disponibles a trav\u00e9s de nuestro Sitio Web y para utilizar algunas de sus funciones, como el acceso a \u00e1reas seguras. Nombre: Finalidad: Proveedor: Servicio: Tipo: Caduca en: wordpress_test_cookie. Utilizado por sitios creados con WordPress para comprobar si un navegador tiene las cookies habilitadas.<\/span><\/li><\/ul><p><b>\u00bfC\u00f3mo puedo controlar las cookies en mi navegador?\u00a0<\/b><\/p><p><span style=\"font-weight: 400;\">Dado que los medios por los que puede rechazar las cookies a trav\u00e9s de los controles de su navegador web var\u00edan de un navegador a otro, debe visitar el men\u00fa de ayuda de su navegador para obtener m\u00e1s informaci\u00f3n. A continuaci\u00f3n encontrar\u00e1 informaci\u00f3n sobre c\u00f3mo gestionar las cookies en los navegadores m\u00e1s populares:\u00a0<\/span><\/p><ul><li style=\"font-weight: 400;\" aria-level=\"1\"><span style=\"font-weight: 400;\">Chrome<\/span><\/li><li style=\"font-weight: 400;\" aria-level=\"1\"><span style=\"font-weight: 400;\">Internet Explorer\u00a0<\/span><\/li><li style=\"font-weight: 400;\" aria-level=\"1\"><span style=\"font-weight: 400;\">Firefox<\/span><\/li><li style=\"font-weight: 400;\" aria-level=\"1\"><span style=\"font-weight: 400;\">Safari<\/span><\/li><li style=\"font-weight: 400;\" aria-level=\"1\"><span style=\"font-weight: 400;\">Edge<\/span><\/li><li style=\"font-weight: 400;\" aria-level=\"1\"><span style=\"font-weight: 400;\">Opera\u00a0<\/span><\/li><\/ul><p><span style=\"font-weight: 400;\">Adem\u00e1s, la mayor\u00eda de las redes publicitarias le ofrecen la posibilidad de rechazar la publicidad dirigida. Si desea obtener m\u00e1s informaci\u00f3n, visite:\u00a0<\/span><\/p><p><span style=\"font-weight: 400;\">Alianza de Publicidad Digital<\/span><\/p><p><span style=\"font-weight: 400;\">Alianza de Publicidad Digital de Canad\u00e1 Alianza Europea de Publicidad Digital Interactiva<\/span><\/p><p><b>\u00bfQu\u00e9 ocurre con otras tecnolog\u00edas de seguimiento, como las balizas web?\u00a0<\/b><\/p><p><span style=\"font-weight: 400;\">Las cookies no son la \u00fanica forma de reconocer o rastrear a los visitantes de un sitio web. De vez en cuando podemos utilizar otras tecnolog\u00edas similares, como las balizas web (a veces denominadas &#8220;p\u00edxeles de seguimiento&#8221; o &#8220;gifs transparentes&#8221;). Se trata de peque\u00f1os archivos gr\u00e1ficos que contienen un identificador \u00fanico que nos permite reconocer cu\u00e1ndo alguien ha visitado nuestro sitio web o ha abierto un correo electr\u00f3nico que los incluye. Esto nos permite, por ejemplo, controlar los patrones de tr\u00e1fico de los usuarios de una p\u00e1gina a otra dentro de un sitio web, entregar cookies o comunicarnos con ellas, comprender si ha llegado al sitio web desde un anuncio en l\u00ednea mostrado en un sitio web de terceros, mejorar el rendimiento del sitio y medir el \u00e9xito de las campa\u00f1as de marketing por correo electr\u00f3nico. En muchos casos, estas tecnolog\u00edas dependen de las cookies para funcionar correctamente, por lo que rechazarlas afectar\u00e1 a su funcionamiento.<\/span><\/p><p><b>\u00bfUtilizan cookies Flash u Objetos Locales Compartidos?\u00a0<\/b><\/p><p><span style=\"font-weight: 400;\">Los sitios web tambi\u00e9n pueden utilizar las llamadas &#8220;Flash Cookies&#8221; (tambi\u00e9n conocidas como Local Shared Objects o &#8220;LSOs&#8221;) para, entre otras cosas, recopilar y almacenar informaci\u00f3n sobre su uso de nuestros servicios, prevenci\u00f3n del fraude y para otras operaciones del sitio.\u00a0<\/span><\/p><p><span style=\"font-weight: 400;\">Si no desea que se almacenen Flash Cookies en su ordenador, puede ajustar la configuraci\u00f3n de su reproductor Flash para bloquear el almacenamiento de Flash Cookies mediante las herramientas incluidas en el Panel de configuraci\u00f3n de almacenamiento del sitio web. Tambi\u00e9n puede controlar las Flash Cookies accediendo al Panel de configuraci\u00f3n global de almacenamiento y siguiendo las instrucciones (que pueden incluir instrucciones que expliquen, por ejemplo, c\u00f3mo eliminar las Flash Cookies existentes (denominadas &#8220;informaci\u00f3n&#8221; en el sitio de Macromedia), c\u00f3mo evitar que se coloquen Flash LSO en su ordenador sin que usted lo solicite y (para Flash Player 8 y posteriores) c\u00f3mo bloquear las Flash Cookies que no est\u00e9n siendo entregadas por el operador de la p\u00e1gina en la que se encuentre en ese momento).\u00a0<\/span><\/p><p><span style=\"font-weight: 400;\">Tenga en cuenta que configurar Flash Player para restringir o limitar la aceptaci\u00f3n de Flash Cookies puede reducir o impedir la funcionalidad de algunas aplicaciones Flash, incluidas, potencialmente, las aplicaciones Flash utilizadas en relaci\u00f3n con nuestros servicios o contenidos en l\u00ednea.<\/span><\/p><p><b>\u00bfSirven ustedes publicidad dirigida?\u00a0<\/b><\/p><p><span style=\"font-weight: 400;\">Terceros pueden instalar cookies en su ordenador o dispositivo m\u00f3vil para ofrecerle publicidad a trav\u00e9s de nuestro sitio web. Estas empresas pueden utilizar informaci\u00f3n sobre sus visitas a este y otros sitios web con el fin de proporcionar anuncios relevantes sobre bienes y servicios en los que pueda estar interesado. Tambi\u00e9n pueden emplear tecnolog\u00eda para medir la eficacia de los anuncios. Para ello, pueden utilizar cookies o balizas web para recopilar informaci\u00f3n sobre sus visitas a este y otros sitios con el fin de proporcionar anuncios relevantes sobre bienes y servicios que puedan interesarle. La informaci\u00f3n recopilada a trav\u00e9s de este proceso no nos permite a nosotros ni a ellos identificar su nombre, datos de contacto u otros detalles que le identifiquen directamente, a menos que usted decida proporcionarlos.\u00a0<\/span><\/p><p><b>Con qu\u00e9 frecuencia actualizar\u00e1n esta Pol\u00edtica de Cookies?\u00a0<\/b><\/p><p><span style=\"font-weight: 400;\">Podemos actualizar esta Pol\u00edtica de Cookies de vez en cuando para reflejar, por ejemplo, los cambios en las cookies que utilizamos o por otras razones operativas, legales o reglamentarias. Por lo tanto, vuelva a visitar esta Pol\u00edtica de Cookies regularmente para mantenerse informado sobre nuestro uso de cookies y tecnolog\u00edas relacionadas.\u00a0<\/span><\/p><p><span style=\"font-weight: 400;\">La fecha en la parte superior de esta Pol\u00edtica de Cookies indica cu\u00e1ndo se actualiz\u00f3 por \u00faltima vez.\u00a0<br \/><br \/><\/span><b>\u00bfD\u00f3nde puedo obtener m\u00e1s informaci\u00f3n?\u00a0<\/b><\/p><p><span style=\"font-weight: 400;\">Si tiene alguna pregunta sobre nuestro uso de cookies u otras tecnolog\u00edas, env\u00edenos un correo electr\u00f3nico a info@hs3.biz o por correo postal a:\u00a0<\/span><\/p><p><span style=\"font-weight: 400;\">Si tiene alguna pregunta sobre nuestro uso de cookies u otras tecnolog\u00edas, env\u00edenos un correo electr\u00f3nico a info@hs3.biz o por correo postal a:\u00a0<\/span><\/p><p><span style=\"font-weight: 400;\">GRUPO HS3 PROJECT DEVELOPMENT, S.L.\u00a0<\/span><\/p><p><span style=\"font-weight: 400;\">c\/Gran de Gracia 15, 2o1o\u00a0<\/span><\/p><p><span style=\"font-weight: 400;\">Barcelona, Barcelona 08012 Spain<\/span><span style=\"font-weight: 400;\"><br \/><\/span><span style=\"font-weight: 400;\">Phone: (+34)93 368 23 84\u00a0<\/span><\/p><p>\u00a0<\/p>\t\t\t\t\t\t\t\t<\/div>\n\t\t\t\t<\/div>\n\t\t\t\t\t<\/div>\n\t\t\t\t<\/div>\n\t\t\t\t<\/div>\n\t\t","protected":false},"excerpt":{"rendered":"<p>POL\u00cdTICA DE COOKIES\u00a0 \u00daltima actualizaci\u00f3n 04 de marzo de 2024\u00a0 Esta Pol\u00edtica de Cookies explica c\u00f3mo GRUPO HS3 PROJECT DEVELOPMENT, S.L. (&#8220;Empresa&#8221;, &#8220;nosotros&#8221;, &#8220;nos&#8221; y &#8220;nuestro&#8221;) utiliza las cookies y tecnolog\u00edas similares<span class=\"excerpt-hellip\"> [\u2026]<\/span><\/p>\n","protected":false},"author":3,"featured_media":0,"parent":0,"menu_order":0,"comment_status":"closed","ping_status":"closed","template":"","meta":{"footnotes":""},"class_list":["post-1539","page","type-page","status-publish","hentry"],"_links":{"self":[{"href":"https:\/\/www.hs3.biz\/es\/wp-json\/wp\/v2\/pages\/1539","targetHints":{"allow":["GET"]}}],"collection":[{"href":"https:\/\/www.hs3.biz\/es\/wp-json\/wp\/v2\/pages"}],"about":[{"href":"https:\/\/www.hs3.biz\/es\/wp-json\/wp\/v2\/types\/page"}],"author":[{"embeddable":true,"href":"https:\/\/www.hs3.biz\/es\/wp-json\/wp\/v2\/users\/3"}],"replies":[{"embeddable":true,"href":"https:\/\/www.hs3.biz\/es\/wp-json\/wp\/v2\/comments?post=1539"}],"version-history":[{"count":4,"href":"https:\/\/www.hs3.biz\/es\/wp-json\/wp\/v2\/pages\/1539\/revisions"}],"predecessor-version":[{"id":1543,"href":"https:\/\/www.hs3.biz\/es\/wp-json\/wp\/v2\/pages\/1539\/revisions\/1543"}],"wp:attachment":[{"href":"https:\/\/www.hs3.biz\/es\/wp-json\/wp\/v2\/media?parent=1539"}],"curies":[{"name":"wp","href":"https:\/\/api.w.org\/{rel}","templated":true}]}}