{"id":1660,"date":"2025-03-13T14:01:49","date_gmt":"2025-03-13T14:01:49","guid":{"rendered":"https:\/\/staging.hs3.biz\/?page_id=1660"},"modified":"2025-03-13T14:07:48","modified_gmt":"2025-03-13T14:07:48","slug":"impressum","status":"publish","type":"page","link":"https:\/\/www.hs3.biz\/de\/impressum\/","title":{"rendered":"Impressum"},"content":{"rendered":"\t\t<div data-elementor-type=\"wp-page\" data-elementor-id=\"1660\" class=\"elementor elementor-1660\">\n\t\t\t\t<div class=\"elementor-element elementor-element-4f71e0f e-flex e-con-boxed e-con e-parent\" data-id=\"4f71e0f\" data-element_type=\"container\">\n\t\t\t\t\t<div class=\"e-con-inner\">\n\t\t\t\t<div class=\"elementor-element elementor-element-e627f3c elementor-widget elementor-widget-text-editor\" data-id=\"e627f3c\" data-element_type=\"widget\" data-widget_type=\"text-editor.default\">\n\t\t\t\t<div class=\"elementor-widget-container\">\n\t\t\t\t\t\t\t\t\t<p data-start=\"0\" data-end=\"88\">\u200b<span class=\"relative -mx-px my-[-0.2rem] rounded px-px py-[0.2rem]\"><strong data-start=\"0\" data-end=\"58\" data-is-last-node=\"\" data-is-only-node=\"\">Rechtliche Hinweise und Allgemeine Nutzungsbedingungen<\/strong><\/span>\u200b<\/p><p data-start=\"90\" data-end=\"121\"><strong data-start=\"90\" data-end=\"121\">I. Allgemeine Informationen<\/strong><\/p><p data-start=\"123\" data-end=\"204\"><span class=\"relative -mx-px my-[-0.2rem] rounded px-px py-[0.2rem]\">Letzte Aktualisierung: 4. M\u00e4rz 2024<\/span>\u200b<\/p><p data-start=\"206\" data-end=\"287\"><span class=\"relative -mx-px my-[-0.2rem] rounded px-px py-[0.2rem]\">In \u00dcbereinstimmung mit der Verpflichtung zur Bereitstellung der in Artikel 10 des spanischen Gesetzes 34\/2002 \u00fcber Dienstleistungen der Informationsgesellschaft und des elektronischen Gesch\u00e4ftsverkehrs (LSSI-CE) vom 11. Juli festgelegten Informationen werden im Folgenden die allgemeinen Informationen dieser Website bereitgestellt.<\/span>\u200b<\/p><p data-start=\"289\" data-end=\"370\"><span class=\"relative -mx-px my-[-0.2rem] rounded px-px py-[0.2rem]\">Inhaber dieser Website, https:\/\/www.hs3.biz, (im Folgenden &#8220;Website&#8221;) ist:<\/span>\u200b<\/p><ul data-start=\"372\" data-end=\"807\"><li data-start=\"372\" data-end=\"455\"><span class=\"relative -mx-px my-[-0.2rem] rounded px-px py-[0.2rem]\"><strong data-start=\"0\" data-end=\"39\" data-is-last-node=\"\" data-is-only-node=\"\">GRUPO HS3 PROJECT DEVELOPMENT, S.L.<\/strong><\/span>\u200b<\/li><li data-start=\"456\" data-end=\"543\"><span class=\"relative -mx-px my-[-0.2rem] rounded px-px py-[0.2rem]\"><strong data-start=\"0\" data-end=\"16\" data-is-only-node=\"\">Steuernummer<\/strong>: B63922421<\/span>\u200b<\/li><li data-start=\"544\" data-end=\"631\"><span class=\"relative -mx-px my-[-0.2rem] rounded px-px py-[0.2rem]\"><strong data-start=\"0\" data-end=\"11\" data-is-only-node=\"\">Adresse<\/strong>: Gran de Gracia 15, 2-1<\/span>\u200b<\/li><li data-start=\"632\" data-end=\"719\"><span class=\"relative -mx-px my-[-0.2rem] rounded px-px py-[0.2rem]\"><strong data-start=\"0\" data-end=\"17\" data-is-only-node=\"\">Telefonnummer<\/strong>: +34 93 368 23 84<\/span>\u200b<\/li><li data-start=\"720\" data-end=\"807\"><span class=\"relative -mx-px my-[-0.2rem] rounded px-px py-[0.2rem]\"><strong data-start=\"0\" data-end=\"10\" data-is-only-node=\"\">E-Mail<\/strong>: administracion@hs3.biz<\/span>\u200b<\/li><\/ul><p data-start=\"809\" data-end=\"847\"><strong data-start=\"809\" data-end=\"847\">II. Allgemeine Nutzungsbedingungen<\/strong><\/p><p data-start=\"849\" data-end=\"892\"><strong data-start=\"849\" data-end=\"892\">Gegenstand der Bedingungen: Die Website<\/strong><\/p><p data-start=\"894\" data-end=\"979\"><span class=\"relative -mx-px my-[-0.2rem] rounded px-px py-[0.2rem]\">Der Zweck dieser Allgemeinen Nutzungsbedingungen (im Folgenden &#8220;Bedingungen&#8221;) besteht darin, den Zugriff auf die Website und deren Nutzung zu regeln. F\u00fcr die Zwecke dieser Bedingungen umfasst der Begriff &#8220;Website&#8221; sowohl das \u00e4u\u00dfere Erscheinungsbild der statischen und dynamischen Bildschirmoberfl\u00e4chen, d.h. die Navigationsstruktur, als auch alle Elemente, die sowohl in die Bildschirmoberfl\u00e4chen als auch in die Navigationsstruktur integriert sind (im Folgenden &#8220;Inhalte&#8221;), sowie alle Dienstleistungen oder Online-Ressourcen, die den Nutzern angeboten werden k\u00f6nnen (im Folgenden &#8220;Dienstleistungen&#8221;).<\/span>\u200b<\/p><p data-start=\"981\" data-end=\"1066\"><span class=\"relative -mx-px my-[-0.2rem] rounded px-px py-[0.2rem]\">GRUPO HS3 PROJECT DEVELOPMENT beh\u00e4lt sich das Recht vor, jederzeit und ohne vorherige Ank\u00fcndigung die Pr\u00e4sentation und Konfiguration der Website sowie die darin enthaltenen Inhalte und Dienstleistungen zu \u00e4ndern. Der Nutzer erkennt an und akzeptiert, dass GRUPO HS3 PROJECT DEVELOPMENT jederzeit Elemente, die in die Website integriert sind, oder den Zugriff darauf unterbrechen, deaktivieren und\/oder l\u00f6schen kann.<\/span>\u200b<\/p><p data-start=\"1068\" data-end=\"1153\"><span class=\"relative -mx-px my-[-0.2rem] rounded px-px py-[0.2rem]\">Der Zugriff des Nutzers auf die Website ist kostenlos und erfolgt in der Regel ohne Gegenleistung, mit Ausnahme der Verbindungskosten \u00fcber das Telekommunikationsnetz, die vom vom Nutzer beauftragten Zugangsprovider bereitgestellt werden.<\/span>\u200b<\/p><p data-start=\"1155\" data-end=\"1240\"><span class=\"relative -mx-px my-[-0.2rem] rounded px-px py-[0.2rem]\">Die Nutzung von Inhalten oder Dienstleistungen der Website kann eine vorherige Anmeldung oder Registrierung des Nutzers erfordern.<\/span>\u200b<\/p><p data-start=\"1242\" data-end=\"1256\"><strong data-start=\"1242\" data-end=\"1256\">Der Nutzer<\/strong><\/p><p data-start=\"1258\" data-end=\"1343\"><span class=\"relative -mx-px my-[-0.2rem] rounded px-px py-[0.2rem]\">Der Zugriff, das Durchsuchen und die Nutzung der Website sowie die f\u00fcr die Interaktion zwischen Nutzern und zwischen Nutzern und GRUPO HS3 PROJECT DEVELOPMENT bereitgestellten Bereiche, wie Kommentare und\/oder Blogging-Bereiche, verleihen den Status eines Nutzers. Ab dem Moment, in dem der Nutzer mit dem Durchsuchen der Website beginnt, akzeptiert er alle hierin festgelegten Bedingungen sowie alle nachfolgenden \u00c4nderungen, unbeschadet der Anwendung der entsprechenden gesetzlichen Vorschriften. Angesichts der Bedeutung des Vorstehenden wird dem Nutzer empfohlen, diese bei jedem Besuch der Website zu lesen.<\/span>\u200b<\/p><p data-start=\"1345\" data-end=\"1430\"><span class=\"relative -mx-px my-[-0.2rem] rounded px-px py-[0.2rem]\">Die Website von GRUPO HS3 PROJECT DEVELOPMENT bietet eine Vielzahl von Informationen, Dienstleistungen und Daten. Der Nutzer \u00fcbernimmt die Verantwortung f\u00fcr die korrekte Nutzung der Website. Diese Verantwortung erstreckt sich auf:<\/span>\u200b<\/p><ul data-start=\"1432\" data-end=\"1608\"><li data-start=\"1432\" data-end=\"1519\"><p data-start=\"1434\" data-end=\"1519\"><span class=\"relative -mx-px my-[-0.2rem] rounded px-px py-[0.2rem]\">Die Nutzung der Informationen, Inhalte und\/oder Dienstleistungen und Daten, die von GRUPO HS3 PROJECT DEVELOPMENT angeboten werden, ohne gegen die Bestimmungen dieser Bedingungen, das Gesetz, die Moral oder die \u00f6ffentliche Ordnung zu versto\u00dfen oder in irgendeiner Weise die Rechte Dritter oder den Betrieb der Website zu beeintr\u00e4chtigen.<\/span>\u200b<\/p><\/li><li data-start=\"1521\" data-end=\"1608\"><p data-start=\"1523\" data-end=\"1608\"><span class=\"relative -mx-px my-[-0.2rem] rounded px-px py-[0.2rem]\">Die Richtigkeit und Rechtm\u00e4\u00dfigkeit der vom Nutzer in den von GRUPO HS3 PROJECT DEVELOPMENT bereitgestellten Formularen f\u00fcr den Zugriff auf bestimmte Inhalte oder Dienstleistungen der Website gemachten Angaben. In jedem Fall wird der Nutzer GRUPO HS3 PROJECT DEVELOPMENT unverz\u00fcglich \u00fcber jede Tatsache informieren, die eine missbr\u00e4uchliche Verwendung der in diesen Formularen registrierten Informationen erm\u00f6glicht, wie z. B. Diebstahl, Verlust oder unbefugten Zugriff auf Kennungen und\/oder Passw\u00f6rter, um deren sofortige L\u00f6schung vorzunehmen.<\/span>\u200b<\/p><\/li><\/ul><p data-start=\"1610\" data-end=\"1695\"><span class=\"relative -mx-px my-[-0.2rem] rounded px-px py-[0.2rem]\">GRUPO HS3 PROJECT DEVELOPMENT beh\u00e4lt sich das Recht vor, alle Kommentare und Beitr\u00e4ge zu entfernen, die gegen das Gesetz, die W\u00fcrde der Person, diskriminierend, fremdenfeindlich, rassistisch, pornografisch sind, Spam enthalten, die Jugend oder Kindheit bedrohen, die \u00f6ffentliche Ordnung oder Sicherheit gef\u00e4hrden oder die nach Ansicht des Unternehmens nicht zur Ver\u00f6ffentlichung geeignet sind.<\/span>\u200b<\/p><p data-start=\"1697\" data-end=\"1782\"><span class=\"relative -mx-px my-[-0.2rem] rounded px-px py-[0.2rem]\">In jedem Fall ist GRUPO HS3 PROJECT DEVELOPMENT nicht verantwortlich f\u00fcr die von Nutzern ge\u00e4u\u00dferten Meinungen durch Kommentare oder andere Blogging- oder Teilnahme-Tools, die m\u00f6glicherweise vorhanden sind.<\/span>\u200b<\/p><p data-start=\"1784\" data-end=\"1869\"><span class=\"relative -mx-px my-[-0.2rem] rounded px-px py-[0.2rem]\">Der blo\u00dfe Zugriff auf diese Website impliziert keine Art von Gesch\u00e4ftsbeziehung zwischen GRUPO HS3 PROJECT DEVELOPMENT und dem Nutzer.<\/span>\u200b<\/p><p data-start=\"1871\" data-end=\"1956\"><span class=\"relative -mx-px my-[-0.2rem] rounded px-px py-[0.2rem]\">Der Nutzer erkl\u00e4rt, vollj\u00e4hrig zu sein und \u00fcber die erforderliche Rechtsf\u00e4higkeit zu verf\u00fcgen, um an diese Bedingungen gebunden zu sein. Daher richtet sich diese Website nicht an Minderj\u00e4hrige. GRUPO HS3 PROJECT DEVELOPMENT lehnt jede Verantwortung f\u00fcr die Nichteinhaltung dieser Anforderung ab.<\/span>\u200b<\/p><p data-start=\"1958\" data-end=\"2034\"><strong data-start=\"1958\" data-end=\"2034\">Zugriff und Navigation auf der Website: Garantie und Haftungsausschl\u00fcsse<\/strong><\/p><p data-start=\"2036\" data-end=\"2121\"><span class=\"relative -mx-px my-[-0.2rem] rounded px-px py-[0.2rem]\">GRUPO HS3 PROJECT DEVELOPMENT garantiert weder die Kontinuit\u00e4t, Verf\u00fcgbarkeit und N\u00fctzlichkeit der Website noch der Inhalte oder Dienstleistungen. GRUPO HS3 PROJECT DEVELOPMENT wird alle angemessenen Ma\u00dfnahmen ergreifen, um das ordnungsgem\u00e4\u00dfe Funktionieren der Website sicherzustellen. GRUPO HS3 PROJECT DEVELOPMENT \u00fcbernimmt jedoch keine Verantwortung oder Garantie daf\u00fcr, dass der Zugriff auf diese Website ununterbrochen oder fehlerfrei ist.<\/span>\u200b<\/p><p data-start=\"2123\" data-end=\"2208\"><span class=\"relative -mx-px my-[-0.2rem] rounded px-px py-[0.2rem]\">Ebenso \u00fcbernimmt GRUPO HS3 PROJECT DEVELOPMENT keine Verantwortung oder Garantie f\u00fcr den Inhalt oder die Software, auf die \u00fcber diese Website zugegriffen werden kann, dass sie frei von Fehlern oder Sch\u00e4den sind, die das Computersystem (Software und Hardware) des Nutzers verursachen k\u00f6nnen. In keinem Fall haftet GRUPO HS3 PROJECT DEVELOPMENT f\u00fcr Verluste, Sch\u00e4den oder Nachteile jeglicher Art, die durch den Zugriff, die Navigation und die Nutzung der Website entstehen, einschlie\u00dflich, aber nicht beschr\u00e4nkt auf solche, die in Computersystemen verursacht werden oder durch die Einf\u00fchrung von Viren.<\/span>\u200b<\/p><p data-start=\"2210\" data-end=\"2424\">GRUPO HS3 PROJECT DEVELOPMENT haftet auch nicht f\u00fcr Sch\u00e4den, die Nutzern durch unsachgem\u00e4\u00dfe Nutzung dieser Website entstehen k\u00f6nnen. Insbesondere haftet es in keiner Weise f\u00fcr Ausf\u00e4lle, Unterbrechungen, Fehler oder.<br \/><br \/><\/p><p><strong>III. ZUGANG UND NAVIGATION AUF DER WEBSITE:<\/strong><\/p><p><strong>AUSSCHLUSS VON GARANTIEN UND HAFTUNG<\/strong><\/p><p>GRUPO HS3 PROJECT DEVELOPMENT \u00fcbernimmt keine Garantie f\u00fcr die Kontinuit\u00e4t, die Verf\u00fcgbarkeit und die N\u00fctzlichkeit der Website sowie der Inhalte und Dienste. GRUPO HS3 PROJECT DEVELOPMENT wird alles tun, was f\u00fcr das ordnungsgem\u00e4\u00dfe Funktionieren der Website m\u00f6glich ist, ist jedoch nicht daf\u00fcr verantwortlich und garantiert nicht, dass der Zugang zu dieser Website ununterbrochen oder fehlerfrei ist.<\/p><p>GRUPO HS3 PROJECT DEVELOPMENT ist auch nicht daf\u00fcr verantwortlich oder garantiert, dass der Inhalt oder die Software, auf die \u00fcber diese Website zugegriffen werden kann, fehlerfrei ist oder Sch\u00e4den am Computersystem des Nutzers (Software und Hardware) verursacht. GRUPO HS3 PROJECT DEVELOPMENT haftet unter keinen Umst\u00e4nden f\u00fcr Verluste, Sch\u00e4den oder Beeintr\u00e4chtigungen jeglicher Art, die sich aus dem Zugriff auf die Website, dem Durchsuchen oder der Nutzung der Website ergeben, einschlie\u00dflich, aber nicht beschr\u00e4nkt auf Sch\u00e4den an Computersystemen oder Sch\u00e4den, die durch die Einschleppung von Viren verursacht werden.<\/p><p>GRUPO HS3 PROJECT DEVELOPMENT haftet auch nicht f\u00fcr Sch\u00e4den, die den Nutzern durch eine unsachgem\u00e4\u00dfe Nutzung dieser Website entstehen k\u00f6nnen. Insbesondere haftet GRUPO HS3 PROJECT DEVELVELOPMENT in keiner Weise f\u00fcr etwaige Ausf\u00e4lle, Unterbrechungen, St\u00f6rungen oder Defekte der Telekommunikation, die auftreten k\u00f6nnen.<\/p><p><strong>IV. LINKS-POLITIK<\/strong><\/p><p>Die Website von GRUPO HS3 PROJEKTENTWICKLUNG stellt den Nutzern Mittel zur Verkn\u00fcpfung (wie u. a. Links, Banner, Schaltfl\u00e4chen), Verzeichnisse und Suchmaschinen zur Verf\u00fcgung, die es den Nutzern erm\u00f6glichen, auf Websites zuzugreifen, die Dritten geh\u00f6ren und\/oder von diesen verwaltet werden, oder kann dies tun.<\/p><p>Die Einrichtung dieser Links, Verzeichnisse und Suchmaschinen auf der Website soll den Nutzern die Suche nach und den Zugang zu den im Internet verf\u00fcgbaren Informationen erleichtern und kann nicht als Vorschlag, Empfehlung oder Aufforderung zum Besuch dieser Websites angesehen werden.<\/p><p>GRUPO HS3 PROJECT DEVELOPMENT bietet die auf diesen verlinkten Websites verf\u00fcgbaren Produkte und\/oder Dienstleistungen weder in eigenem Namen noch \u00fcber Dritte an oder vermarktet sie.<\/p><p>Ebenso wenig garantiert sie die technische Verf\u00fcgbarkeit, die Genauigkeit, den Wahrheitsgehalt, die G\u00fcltigkeit oder die Rechtm\u00e4\u00dfigkeit von Websites, die nicht in ihrem Besitz sind und auf die \u00fcber die Links zugegriffen werden kann.<\/p><p>GRUPO HS3 PROJECT DEVELOPMENT \u00fcberpr\u00fcft oder kontrolliert in keinem Fall den Inhalt anderer Websites und billigt, pr\u00fcft oder macht sich die Produkte und Dienstleistungen, Inhalte, Dateien und jedes andere Material, das auf den oben genannten verlinkten Websites vorhanden ist, nicht zu eigen.<\/p><p>GRUPO HS3 PROJECT DEVELOPMENT \u00fcbernimmt keine Verantwortung f\u00fcr Sch\u00e4den, die sich aus dem Zugang, der Nutzung, der Qualit\u00e4t oder der Rechtm\u00e4\u00dfigkeit der Inhalte, Mitteilungen, Meinungen, Produkte und Dienstleistungen von Websites ergeben k\u00f6nnen, die nicht von GRUPO HS3 PROJECT DEVELOPMENT verwaltet werden und mit dieser Website verlinkt sind.<\/p><p>Der Nutzer oder ein Dritter, der einen Hyperlink von einer Webseite einer anderen Website zur Website von GRUPO HS3 PROJECT DEVELOPMENT herstellt, sollte sich dessen bewusst sein:<\/p><p>Die Vervielf\u00e4ltigung &#8211; ganz oder teilweise &#8211; von Inhalten und\/oder Diensten der Website ist ohne die ausdr\u00fcckliche Genehmigung von GRUPO HS3 PROJECT DEVELOPMENT nicht gestattet.<\/p><p>Falsche, ungenaue oder unrichtige Aussagen \u00fcber die Website von GRUPO HS3 PROJECT DEVELOPMENT oder \u00fcber deren Inhalte und\/oder Dienste sind nicht gestattet.<\/p><p>Mit Ausnahme des Hyperlinks enth\u00e4lt die Website, auf der der Hyperlink eingerichtet wird, keine Elemente dieser Website, die nach spanischem Recht als geistiges Eigentum gesch\u00fctzt sind, es sei denn, GRUPO HS3 PROJECT DEVELOPMENT hat dies ausdr\u00fccklich genehmigt.<\/p><p>Die Einrichtung des Hyperlinks impliziert weder das Bestehen einer Beziehung zwischen GRUPO HS3 PROJECT DEVELOPMENT und dem Eigent\u00fcmer der Website, von der aus er eingerichtet wurde, noch die Kenntnis und Akzeptanz der auf der genannten Website angebotenen Inhalte, Dienstleistungen und\/oder Aktivit\u00e4ten durch GRUPO HS3 PROJECT DEVELOPMENT und umgekehrt.<\/p><p><strong>V. GEISTIGES UND GEWERBLICHES EIGENTUM<\/strong><\/p><p>GRUPO HS3 PROJECT DEVELOPMENT ist selbst oder als Bevollm\u00e4chtigter Eigent\u00fcmer aller geistigen und gewerblichen Eigentumsrechte an der Website sowie an den darin enthaltenen Elementen (einschlie\u00dflich, aber nicht beschr\u00e4nkt auf Bilder, Ton-, Audio- und Videodateien, Software oder Texte, Marken oder Logos, Farbkombinationen, Struktur und Design, Auswahl der verwendeten Materialien, f\u00fcr den Betrieb, den Zugang und die Nutzung erforderliche Computerprogramme usw.). Es handelt sich also um Werke, die als geistiges Eigentum durch das spanische Rechtssystem gesch\u00fctzt sind, da auf sie sowohl die spanischen und gemeinschaftlichen Vorschriften in diesem Bereich als auch die von Spanien unterzeichneten internationalen Vertr\u00e4ge in diesem Bereich anwendbar sind.<\/p><p>Alle Rechte vorbehalten. Gem\u00e4\u00df den Bestimmungen des Gesetzes \u00fcber das geistige Eigentum sind die Vervielf\u00e4ltigung, die Verbreitung und die \u00f6ffentliche Wiedergabe, einschlie\u00dflich der Modalit\u00e4t der Bereitstellung, des gesamten Inhalts dieser Website oder eines Teils davon zu kommerziellen Zwecken, auf jedem Tr\u00e4ger und mit jedem technischen Mittel ohne die Genehmigung von GRUPO HS3 PROJECT DEVELOPMENT ausdr\u00fccklich verboten.<\/p><p>Der Nutzer verpflichtet sich, die geistigen und gewerblichen Eigentumsrechte von GRUPO HS3 PROJECT DEVELOPMENT zu respektieren. Sie k\u00f6nnen die Elemente der Website ansehen oder sogar ausdrucken, kopieren und auf der Festplatte Ihres Computers oder einer anderen Hardware speichern, sofern dies ausschlie\u00dflich f\u00fcr Ihren pers\u00f6nlichen Gebrauch erfolgt. Der Nutzer darf jedoch keine auf der Website installierten Schutzvorrichtungen oder Sicherheitssysteme entfernen, ver\u00e4ndern oder manipulieren.<\/p><p>Sollte der Nutzer oder ein Dritter der Ansicht sein, dass einer der Inhalte der Website eine Verletzung der Rechte zum Schutz des geistigen Eigentums darstellt, muss er\/sie GRUPO HS3 PROJECT DEVELOPMENT unverz\u00fcglich \u00fcber die im Abschnitt ALLGEMEINE INFORMATIONEN dieser rechtlichen Hinweise und allgemeinen Nutzungsbedingungen angegebenen Kontaktdaten informieren.<br \/><br \/><\/p><p><strong>VI. GERICHTSVERFAHREN, ANWENDBARES RECHT UND<\/strong><\/p><p><strong>GERICHTSSTAND<\/strong><\/p><p>GRUPO HS3 PROJECT DEVELOPMENT beh\u00e4lt sich das Recht vor, zivil- oder strafrechtliche Schritte einzuleiten, die sie im Falle einer missbr\u00e4uchlichen Nutzung der Website und ihrer Inhalte oder im Falle eines Versto\u00dfes gegen die vorliegenden Bedingungen f\u00fcr erforderlich h\u00e4lt.<\/p><p>Die Beziehung zwischen dem Nutzer und GRUPO HS3 PROJECT DEVELOPMENT unterliegt den geltenden und auf spanischem Gebiet anwendbaren Vorschriften. Bei Streitigkeiten \u00fcber die Auslegung und\/oder Anwendung der vorliegenden Bedingungen unterwerfen sich die Parteien der ordentlichen Gerichtsbarkeit, d.h. den Richtern und Gerichten, die nach dem Gesetz zust\u00e4ndig sind.<\/p><p><br \/><br \/><br \/><\/p><p><br \/><br \/><\/p><p>\u00a0<\/p><p>\u00a0<\/p>\t\t\t\t\t\t\t\t<\/div>\n\t\t\t\t<\/div>\n\t\t\t\t\t<\/div>\n\t\t\t\t<\/div>\n\t\t\t\t<\/div>\n\t\t","protected":false},"excerpt":{"rendered":"<p>?Rechtliche Hinweise und Allgemeine Nutzungsbedingungen? I. Allgemeine Informationen Letzte Aktualisierung: 4. M\u00e4rz 2024? In \u00dcbereinstimmung mit der Verpflichtung zur Bereitstellung der in Artikel 10 des spanischen Gesetzes 34\/2002 \u00fcber Dienstleistungen der Informationsgesellschaft<span class=\"excerpt-hellip\"> [\u2026]<\/span><\/p>\n","protected":false},"author":3,"featured_media":0,"parent":0,"menu_order":0,"comment_status":"closed","ping_status":"closed","template":"","meta":{"footnotes":""},"class_list":["post-1660","page","type-page","status-publish","hentry"],"_links":{"self":[{"href":"https:\/\/www.hs3.biz\/de\/wp-json\/wp\/v2\/pages\/1660","targetHints":{"allow":["GET"]}}],"collection":[{"href":"https:\/\/www.hs3.biz\/de\/wp-json\/wp\/v2\/pages"}],"about":[{"href":"https:\/\/www.hs3.biz\/de\/wp-json\/wp\/v2\/types\/page"}],"author":[{"embeddable":true,"href":"https:\/\/www.hs3.biz\/de\/wp-json\/wp\/v2\/users\/3"}],"replies":[{"embeddable":true,"href":"https:\/\/www.hs3.biz\/de\/wp-json\/wp\/v2\/comments?post=1660"}],"version-history":[{"count":4,"href":"https:\/\/www.hs3.biz\/de\/wp-json\/wp\/v2\/pages\/1660\/revisions"}],"predecessor-version":[{"id":1672,"href":"https:\/\/www.hs3.biz\/de\/wp-json\/wp\/v2\/pages\/1660\/revisions\/1672"}],"wp:attachment":[{"href":"https:\/\/www.hs3.biz\/de\/wp-json\/wp\/v2\/media?parent=1660"}],"curies":[{"name":"wp","href":"https:\/\/api.w.org\/{rel}","templated":true}]}}